{"id":872,"date":"2022-05-01T15:44:46","date_gmt":"2022-05-01T18:44:46","guid":{"rendered":"http:\/\/progressosaudeambientalse.com.br\/?page_id=872"},"modified":"2025-07-21T12:32:12","modified_gmt":"2025-07-21T15:32:12","slug":"descupinizacao","status":"publish","type":"page","link":"https:\/\/progressosaudeambientalse.com.br\/?page_id=872","title":{"rendered":"Descupiniza\u00e7\u00e3o"},"content":{"rendered":"<p>[vc_row wrap_container=&#8221;yes&#8221; el_class=&#8221;my-lg-4&#8243; css=&#8221;.vc_custom_1608764450533{padding-top: 50px !important;padding-bottom: 48px !important;}&#8221;][vc_column el_class=&#8221;order-lg-2&#8243; offset=&#8221;vc_col-lg-8 vc_col-md-8&#8243;][vc_column_text css=&#8221;.vc_custom_1651891827690{margin-bottom: 20px !important;}&#8221;]Os cupins s\u00e3o uma das principais pragas urbanas. Al\u00e9m de serem pequenos, quase impercept\u00edveis, eles agem no sil\u00eancio e, por isso, podem ser muito danosos. Em pouco tempo podem colocar m\u00f3veis, batentes, pisos e muito mais abaixo.<\/p>\n<p>Eles percorrem por dentro das paredes, concreto, azulejos e utilizam, inclusive, a rede el\u00e9trica para se locomoverem, preferindo \u00e1reas \u00famidas para movimenta\u00e7\u00e3o e in\u00edcio da col\u00f4nia. Essa praga urbana se alimenta de celulose presente em arm\u00e1rios, caixas de papel\u00e3o, papel, documentos, fotografias e afins. Ou seja, os cupins podem estar em qualquer lugar, pois a oferta de alimento \u00e9 farta.<\/p>\n<p><img loading=\"lazy\" decoding=\"async\" class=\"alignnone size-full wp-image-997\" src=\"https:\/\/progressosaudeambientalse.com.br\/wp-content\/uploads\/2022\/05\/descupinizacao.jpg\" alt=\"\" width=\"694\" height=\"694\" srcset=\"https:\/\/progressosaudeambientalse.com.br\/wp-content\/uploads\/2022\/05\/descupinizacao.jpg 694w, https:\/\/progressosaudeambientalse.com.br\/wp-content\/uploads\/2022\/05\/descupinizacao-640x640.jpg 640w, https:\/\/progressosaudeambientalse.com.br\/wp-content\/uploads\/2022\/05\/descupinizacao-400x400.jpg 400w, https:\/\/progressosaudeambientalse.com.br\/wp-content\/uploads\/2022\/05\/descupinizacao-560x560.jpg 560w, https:\/\/progressosaudeambientalse.com.br\/wp-content\/uploads\/2022\/05\/descupinizacao-367x367.jpg 367w, https:\/\/progressosaudeambientalse.com.br\/wp-content\/uploads\/2022\/05\/descupinizacao-600x600.jpg 600w\" sizes=\"(max-width: 694px) 100vw, 694px\" \/>[\/vc_column_text][\/vc_column][vc_column el_class=&#8221;card-section order-lg-1&#8243; offset=&#8221;vc_col-lg-4 vc_col-md-4&#8243;]<div class=\"porto-ultimate-content-box-container card py-5 mb-4\"><style>#porto_ucb_7946{will-change: box-shadow;box-shadow: none;}<\/style><div class=\"porto-ultimate-content-box vc_custom_1608701011494\" style=\"\" id=\"porto_ucb_7946\">[vc_wp_custommenu title=&#8221;Todos os servi\u00e7os&#8221; nav_menu=&#8221;42&#8243; el_class=&#8221;mb-0&#8243;]<\/div><\/div>[vc_btn title=&#8221;FA\u00c7A UM OR\u00c7AMENTO&#8221; color=&#8221;success&#8221; link=&#8221;url:https%3A%2F%2Fwa.me%2F5579988478080&#8243;][\/vc_column][\/vc_row]<\/p>\n","protected":false},"excerpt":{"rendered":"<p>[vc_row wrap_container=&#8221;yes&#8221; el_class=&#8221;my-lg-4&#8243; css=&#8221;.vc_custom_1608764450533{padding-top: 50px !important;padding-bottom: 48px !important;}&#8221;][vc_column el_class=&#8221;order-lg-2&#8243; offset=&#8221;vc_col-lg-8 vc_col-md-8&#8243;][vc_column_text css=&#8221;.vc_custom_1651891827690{margin-bottom: 20px !important;}&#8221;]Os cupins s\u00e3o uma das principais pragas urbanas. Al\u00e9m de serem pequenos, quase impercept\u00edveis, eles agem no sil\u00eancio e, por isso, podem ser muito danosos. Em pouco tempo podem colocar m\u00f3veis, batentes, pisos e muito mais abaixo. Eles percorrem por dentro das [&hellip;]<\/p>\n","protected":false},"author":1,"featured_media":0,"parent":552,"menu_order":0,"comment_status":"closed","ping_status":"closed","template":"","meta":{"om_disable_all_campaigns":false,"_monsterinsights_skip_tracking":false,"_monsterinsights_sitenote_active":false,"_monsterinsights_sitenote_note":"","_monsterinsights_sitenote_category":0,"footnotes":""},"class_list":["post-872","page","type-page","status-publish","hentry"],"aioseo_notices":[],"_links":{"self":[{"href":"https:\/\/progressosaudeambientalse.com.br\/index.php?rest_route=\/wp\/v2\/pages\/872"}],"collection":[{"href":"https:\/\/progressosaudeambientalse.com.br\/index.php?rest_route=\/wp\/v2\/pages"}],"about":[{"href":"https:\/\/progressosaudeambientalse.com.br\/index.php?rest_route=\/wp\/v2\/types\/page"}],"author":[{"embeddable":true,"href":"https:\/\/progressosaudeambientalse.com.br\/index.php?rest_route=\/wp\/v2\/users\/1"}],"replies":[{"embeddable":true,"href":"https:\/\/progressosaudeambientalse.com.br\/index.php?rest_route=%2Fwp%2Fv2%2Fcomments&post=872"}],"version-history":[{"count":7,"href":"https:\/\/progressosaudeambientalse.com.br\/index.php?rest_route=\/wp\/v2\/pages\/872\/revisions"}],"predecessor-version":[{"id":1212,"href":"https:\/\/progressosaudeambientalse.com.br\/index.php?rest_route=\/wp\/v2\/pages\/872\/revisions\/1212"}],"up":[{"embeddable":true,"href":"https:\/\/progressosaudeambientalse.com.br\/index.php?rest_route=\/wp\/v2\/pages\/552"}],"wp:attachment":[{"href":"https:\/\/progressosaudeambientalse.com.br\/index.php?rest_route=%2Fwp%2Fv2%2Fmedia&parent=872"}],"curies":[{"name":"wp","href":"https:\/\/api.w.org\/{rel}","templated":true}]}}