{"id":871,"date":"2022-05-01T15:44:37","date_gmt":"2022-05-01T18:44:37","guid":{"rendered":"http:\/\/progressosaudeambientalse.com.br\/?page_id=871"},"modified":"2025-07-21T12:33:12","modified_gmt":"2025-07-21T15:33:12","slug":"sanitizacao","status":"publish","type":"page","link":"https:\/\/progressosaudeambientalse.com.br\/?page_id=871","title":{"rendered":"Sanitiza\u00e7\u00e3o &#8211; Desinfec\u00e7\u00e3o de Ambientes"},"content":{"rendered":"<p>[vc_row wrap_container=&#8221;yes&#8221; el_class=&#8221;my-lg-4&#8243; css=&#8221;.vc_custom_1608764466035{padding-top: 50px !important;padding-bottom: 48px !important;}&#8221;][vc_column el_class=&#8221;order-lg-2&#8243; offset=&#8221;vc_col-lg-8 vc_col-md-8&#8243;][vc_column_text css=&#8221;.vc_custom_1652102021828{margin-bottom: 20px !important;}&#8221;]<span class=\"c1\">Quer\u00a0<strong>eliminar<\/strong>\u00a0o<\/span>s\u00a0<strong>v\u00edrus\u00a0<\/strong><span class=\"c1\">e<\/span>\u00a0<strong>bact\u00e9rias\u00a0<\/strong><span class=\"c1\">dos\u00a0<\/span>ambientes\u00a0<span class=\"c1\">da sua\u00a0<\/span>casa\u00a0<span class=\"c1\">e\/ou<\/span>\u00a0empresa<span class=\"c1\">?<\/span><\/p>\n<p>Mesmo ap\u00f3s uma boa faxina, o ambiente ainda pode conter\u00a0<strong>v\u00edrus<\/strong>,\u00a0<strong>fungos<\/strong>,\u00a0<strong>bact\u00e9rias<\/strong>\u00a0e\u00a0<strong>\u00e1caros<\/strong>. O problema se agrava em locais com grande circula\u00e7\u00e3o de pessoas. Por isso, recorrer aos\u00a0<strong>servi\u00e7os de sanitiza\u00e7\u00e3o<\/strong>, que eliminam\u00a0<strong>microrganismos nocivos<\/strong>\u00a0e previnem a\u00a0<strong>prolifera\u00e7\u00e3o de doen\u00e7as<\/strong>, pode ser uma \u00f3tima op\u00e7\u00e3o.<\/p>\n<p>Artigos de limpeza comuns, como\u00a0<strong>vassouras<\/strong>\u00a0e\u00a0<strong>detergentes<\/strong>, n\u00e3o s\u00e3o eficazes para eliminar essas amea\u00e7as invis\u00edveis e, por isso, \u00e9 preciso recorrer \u00e0 equipamentos especiais.<\/p>\n<p>A\u00a0<strong>sanitiza\u00e7\u00e3o de ambientes<\/strong>\u00a0trata-se de uma\u00a0<strong>profunda limpeza<\/strong>\u00a0e\u00a0<strong>higieniza\u00e7\u00e3o<\/strong>\u00a0que combate\u00a0<strong>agentes patog\u00eanicos<\/strong>, evitando a\u00a0<strong>prolifera\u00e7\u00e3o de doen\u00e7as<\/strong>\u00a0e o cont\u00e1gio entre indiv\u00edduos e animais.<\/p>\n<p>&nbsp;<\/p>\n<h2>PARA QUE SERVE A\u00a0SANITIZA\u00c7\u00c3O DE AMBIENTES\u00a0?<\/h2>\n<p>Um\u00a0<strong>v\u00edrus<\/strong>, como o\u00a0<strong>Covid-19<\/strong>, pode gerar p\u00e2nico em todo o planeta, causando\u00a0<strong>superlota\u00e7\u00e3o em hospitais,<\/strong>\u00a0falta de suprimentos e mortes. A\u00a0<strong>sanitiza\u00e7\u00e3o de ambientes<\/strong>\u00a0\u00e9 fundamental e \u00e9 uma das principais medidas a se tomar.<\/p>\n<p>Em linhas gerais, garante benef\u00edcios \u00e0\u00a0<strong>sa\u00fade das pessoas<\/strong>, proporcionando leveza e bem-estar aos recintos. O\u00a0<strong>ac\u00famulo de bact\u00e9rias<\/strong>,\u00a0<strong>v\u00edrus<\/strong>\u00a0e outros\u00a0<strong>microrganismos<\/strong>\u00a0impede que se que viva uma rotina plenamente saud\u00e1vel. Logo, a\u00a0<strong>sanitiza\u00e7\u00e3o<\/strong>\u00a0ajuda a frear a dissemina\u00e7\u00e3o de\u00a0<strong>doen\u00e7as respirat\u00f3rias<\/strong>, como\u00a0<strong>rinites<\/strong>\u00a0e\u00a0<strong>resfriados<\/strong>.<\/p>\n<p><img loading=\"lazy\" decoding=\"async\" class=\"alignnone size-full wp-image-1004\" src=\"https:\/\/progressosaudeambientalse.com.br\/wp-content\/uploads\/2022\/05\/sanitizacao-1.jpg\" alt=\"\" width=\"694\" height=\"694\" srcset=\"https:\/\/progressosaudeambientalse.com.br\/wp-content\/uploads\/2022\/05\/sanitizacao-1.jpg 694w, https:\/\/progressosaudeambientalse.com.br\/wp-content\/uploads\/2022\/05\/sanitizacao-1-640x640.jpg 640w, https:\/\/progressosaudeambientalse.com.br\/wp-content\/uploads\/2022\/05\/sanitizacao-1-400x400.jpg 400w, https:\/\/progressosaudeambientalse.com.br\/wp-content\/uploads\/2022\/05\/sanitizacao-1-560x560.jpg 560w, https:\/\/progressosaudeambientalse.com.br\/wp-content\/uploads\/2022\/05\/sanitizacao-1-367x367.jpg 367w, https:\/\/progressosaudeambientalse.com.br\/wp-content\/uploads\/2022\/05\/sanitizacao-1-600x600.jpg 600w\" sizes=\"(max-width: 694px) 100vw, 694px\" \/>[\/vc_column_text][\/vc_column][vc_column el_class=&#8221;card-section order-lg-1&#8243; offset=&#8221;vc_col-lg-4 vc_col-md-4&#8243;]<div class=\"porto-ultimate-content-box-container card py-5 mb-4\"><style>#porto_ucb_2940{will-change: box-shadow;box-shadow: none;}<\/style><div class=\"porto-ultimate-content-box vc_custom_1608701011494\" style=\"\" id=\"porto_ucb_2940\">[vc_wp_custommenu title=&#8221;Todos os servi\u00e7os&#8221; nav_menu=&#8221;42&#8243; el_class=&#8221;mb-0&#8243;]<\/div><\/div>[vc_btn title=&#8221;FA\u00c7A UM OR\u00c7AMENTO&#8221; color=&#8221;success&#8221; link=&#8221;url:https%3A%2F%2Fwa.me%2F5579988478080&#8243;][\/vc_column][\/vc_row]<\/p>\n","protected":false},"excerpt":{"rendered":"<p>[vc_row wrap_container=&#8221;yes&#8221; el_class=&#8221;my-lg-4&#8243; css=&#8221;.vc_custom_1608764466035{padding-top: 50px !important;padding-bottom: 48px !important;}&#8221;][vc_column el_class=&#8221;order-lg-2&#8243; offset=&#8221;vc_col-lg-8 vc_col-md-8&#8243;][vc_column_text css=&#8221;.vc_custom_1652102021828{margin-bottom: 20px !important;}&#8221;]Quer\u00a0eliminar\u00a0os\u00a0v\u00edrus\u00a0e\u00a0bact\u00e9rias\u00a0dos\u00a0ambientes\u00a0da sua\u00a0casa\u00a0e\/ou\u00a0empresa? Mesmo ap\u00f3s uma boa faxina, o ambiente ainda pode conter\u00a0v\u00edrus,\u00a0fungos,\u00a0bact\u00e9rias\u00a0e\u00a0\u00e1caros. O problema se agrava em locais com grande circula\u00e7\u00e3o de pessoas. Por isso, recorrer aos\u00a0servi\u00e7os de sanitiza\u00e7\u00e3o, que eliminam\u00a0microrganismos nocivos\u00a0e previnem a\u00a0prolifera\u00e7\u00e3o de doen\u00e7as, pode ser uma \u00f3tima op\u00e7\u00e3o. Artigos [&hellip;]<\/p>\n","protected":false},"author":1,"featured_media":0,"parent":552,"menu_order":0,"comment_status":"closed","ping_status":"closed","template":"","meta":{"om_disable_all_campaigns":false,"_monsterinsights_skip_tracking":false,"_monsterinsights_sitenote_active":false,"_monsterinsights_sitenote_note":"","_monsterinsights_sitenote_category":0,"footnotes":""},"class_list":["post-871","page","type-page","status-publish","hentry"],"aioseo_notices":[],"_links":{"self":[{"href":"https:\/\/progressosaudeambientalse.com.br\/index.php?rest_route=\/wp\/v2\/pages\/871"}],"collection":[{"href":"https:\/\/progressosaudeambientalse.com.br\/index.php?rest_route=\/wp\/v2\/pages"}],"about":[{"href":"https:\/\/progressosaudeambientalse.com.br\/index.php?rest_route=\/wp\/v2\/types\/page"}],"author":[{"embeddable":true,"href":"https:\/\/progressosaudeambientalse.com.br\/index.php?rest_route=\/wp\/v2\/users\/1"}],"replies":[{"embeddable":true,"href":"https:\/\/progressosaudeambientalse.com.br\/index.php?rest_route=%2Fwp%2Fv2%2Fcomments&post=871"}],"version-history":[{"count":8,"href":"https:\/\/progressosaudeambientalse.com.br\/index.php?rest_route=\/wp\/v2\/pages\/871\/revisions"}],"predecessor-version":[{"id":1216,"href":"https:\/\/progressosaudeambientalse.com.br\/index.php?rest_route=\/wp\/v2\/pages\/871\/revisions\/1216"}],"up":[{"embeddable":true,"href":"https:\/\/progressosaudeambientalse.com.br\/index.php?rest_route=\/wp\/v2\/pages\/552"}],"wp:attachment":[{"href":"https:\/\/progressosaudeambientalse.com.br\/index.php?rest_route=%2Fwp%2Fv2%2Fmedia&parent=871"}],"curies":[{"name":"wp","href":"https:\/\/api.w.org\/{rel}","templated":true}]}}