{"id":693,"date":"2020-12-22T13:56:57","date_gmt":"2020-12-22T16:56:57","guid":{"rendered":"http:\/\/sw-themes.com\/porto_dummy\/cleaning-services\/?page_id=693"},"modified":"2025-07-21T12:31:57","modified_gmt":"2025-07-21T15:31:57","slug":"dedetizacao","status":"publish","type":"page","link":"https:\/\/progressosaudeambientalse.com.br\/?page_id=693","title":{"rendered":"Desinsetiza\u00e7\u00e3o"},"content":{"rendered":"<p>[vc_row wrap_container=&#8221;yes&#8221; el_class=&#8221;my-lg-4&#8243; css=&#8221;.vc_custom_1608764442083{padding-top: 50px !important;padding-bottom: 48px !important;}&#8221;][vc_column el_class=&#8221;order-lg-2&#8243; offset=&#8221;vc_col-lg-8 vc_col-md-8&#8243;][vc_column_text css=&#8221;.vc_custom_1651891767885{margin-bottom: 20px !important;}&#8221;]<\/p>\n<p class=\"elementor-heading-title elementor-size-small\">Possu\u00edmos os mais avan\u00e7ados recursos no combate e controle das mais diferentes pragas urbanas: baratas, formigas, pulgas, moscas, aranhas, escorpi\u00f5es, tra\u00e7as e mais. Utilizamos produtos altamente seguros e confi\u00e1veis, desenvolvidos por laborat\u00f3rios reconhecidos mundialmente. Nossas aplica\u00e7\u00f5es s\u00e3o realizadas com equipamentos modernos, trazendo para nossos clientes o que h\u00e1 de melhor em controle de pragas.<\/p>\n<p><img loading=\"lazy\" decoding=\"async\" class=\"alignnone size-full wp-image-999\" src=\"https:\/\/progressosaudeambientalse.com.br\/wp-content\/uploads\/2022\/05\/desintetizacao.jpg\" alt=\"\" width=\"694\" height=\"694\" srcset=\"https:\/\/progressosaudeambientalse.com.br\/wp-content\/uploads\/2022\/05\/desintetizacao.jpg 694w, https:\/\/progressosaudeambientalse.com.br\/wp-content\/uploads\/2022\/05\/desintetizacao-640x640.jpg 640w, https:\/\/progressosaudeambientalse.com.br\/wp-content\/uploads\/2022\/05\/desintetizacao-400x400.jpg 400w, https:\/\/progressosaudeambientalse.com.br\/wp-content\/uploads\/2022\/05\/desintetizacao-560x560.jpg 560w, https:\/\/progressosaudeambientalse.com.br\/wp-content\/uploads\/2022\/05\/desintetizacao-367x367.jpg 367w, https:\/\/progressosaudeambientalse.com.br\/wp-content\/uploads\/2022\/05\/desintetizacao-600x600.jpg 600w\" sizes=\"(max-width: 694px) 100vw, 694px\" \/>[\/vc_column_text][\/vc_column][vc_column el_class=&#8221;card-section order-lg-1&#8243; offset=&#8221;vc_col-lg-4 vc_col-md-4&#8243;]<div class=\"porto-ultimate-content-box-container card py-5 mb-4\"><style>#porto_ucb_1005{will-change: box-shadow;box-shadow: none;}<\/style><div class=\"porto-ultimate-content-box vc_custom_1608701011494\" style=\"\" id=\"porto_ucb_1005\">[vc_wp_custommenu title=&#8221;Todos os servi\u00e7os&#8221; nav_menu=&#8221;42&#8243; el_class=&#8221;mb-0&#8243;]<\/div><\/div>[vc_btn title=&#8221;FA\u00c7A UM OR\u00c7AMENTO&#8221; color=&#8221;success&#8221; link=&#8221;url:https%3A%2F%2Fwa.me%2F5579988478080&#8243;][\/vc_column][\/vc_row]<\/p>\n","protected":false},"excerpt":{"rendered":"<p>[vc_row wrap_container=&#8221;yes&#8221; el_class=&#8221;my-lg-4&#8243; css=&#8221;.vc_custom_1608764442083{padding-top: 50px !important;padding-bottom: 48px !important;}&#8221;][vc_column el_class=&#8221;order-lg-2&#8243; offset=&#8221;vc_col-lg-8 vc_col-md-8&#8243;][vc_column_text css=&#8221;.vc_custom_1651891767885{margin-bottom: 20px !important;}&#8221;] Possu\u00edmos os mais avan\u00e7ados recursos no combate e controle das mais diferentes pragas urbanas: baratas, formigas, pulgas, moscas, aranhas, escorpi\u00f5es, tra\u00e7as e mais. Utilizamos produtos altamente seguros e confi\u00e1veis, desenvolvidos por laborat\u00f3rios reconhecidos mundialmente. Nossas aplica\u00e7\u00f5es s\u00e3o realizadas com equipamentos modernos, [&hellip;]<\/p>\n","protected":false},"author":1,"featured_media":0,"parent":552,"menu_order":0,"comment_status":"closed","ping_status":"closed","template":"","meta":{"om_disable_all_campaigns":false,"_monsterinsights_skip_tracking":false,"_monsterinsights_sitenote_active":false,"_monsterinsights_sitenote_note":"","_monsterinsights_sitenote_category":0,"footnotes":""},"class_list":["post-693","page","type-page","status-publish","hentry"],"aioseo_notices":[],"_links":{"self":[{"href":"https:\/\/progressosaudeambientalse.com.br\/index.php?rest_route=\/wp\/v2\/pages\/693"}],"collection":[{"href":"https:\/\/progressosaudeambientalse.com.br\/index.php?rest_route=\/wp\/v2\/pages"}],"about":[{"href":"https:\/\/progressosaudeambientalse.com.br\/index.php?rest_route=\/wp\/v2\/types\/page"}],"author":[{"embeddable":true,"href":"https:\/\/progressosaudeambientalse.com.br\/index.php?rest_route=\/wp\/v2\/users\/1"}],"replies":[{"embeddable":true,"href":"https:\/\/progressosaudeambientalse.com.br\/index.php?rest_route=%2Fwp%2Fv2%2Fcomments&post=693"}],"version-history":[{"count":10,"href":"https:\/\/progressosaudeambientalse.com.br\/index.php?rest_route=\/wp\/v2\/pages\/693\/revisions"}],"predecessor-version":[{"id":1211,"href":"https:\/\/progressosaudeambientalse.com.br\/index.php?rest_route=\/wp\/v2\/pages\/693\/revisions\/1211"}],"up":[{"embeddable":true,"href":"https:\/\/progressosaudeambientalse.com.br\/index.php?rest_route=\/wp\/v2\/pages\/552"}],"wp:attachment":[{"href":"https:\/\/progressosaudeambientalse.com.br\/index.php?rest_route=%2Fwp%2Fv2%2Fmedia&parent=693"}],"curies":[{"name":"wp","href":"https:\/\/api.w.org\/{rel}","templated":true}]}}