{"id":673,"date":"2020-12-22T11:05:26","date_gmt":"2020-12-22T14:05:26","guid":{"rendered":"http:\/\/sw-themes.com\/porto_dummy\/cleaning-services\/?page_id=673"},"modified":"2025-07-21T12:33:47","modified_gmt":"2025-07-21T15:33:47","slug":"controle-moscas","status":"publish","type":"page","link":"https:\/\/progressosaudeambientalse.com.br\/?page_id=673","title":{"rendered":"Controle Qu\u00edmico e Biol\u00f3gico de Moscas"},"content":{"rendered":"<p>[vc_row wrap_container=&#8221;yes&#8221; el_class=&#8221;my-lg-4&#8243; css=&#8221;.vc_custom_1608764482259{padding-top: 50px !important;padding-bottom: 48px !important;}&#8221;][vc_column el_class=&#8221;order-lg-2&#8243; offset=&#8221;vc_col-lg-8 vc_col-md-8&#8243;][vc_column_text css=&#8221;.vc_custom_1655401556934{margin-bottom: 20px !important;}&#8221;]<\/p>\n<p class=\"custom-font1 mb-4\" style=\"font-size: 1.2em;\">O controle qu\u00edmico e biol\u00f3gico de mosca consiste em utilizar pat\u00f3genos que matem e afastem moscas dos tipos: moscas varejeira, berneira, est\u00e1bulo, p\u00f3lvora, borrachudo, dos-Chifres; entre outras.<\/p>\n<p><img loading=\"lazy\" decoding=\"async\" class=\"alignnone wp-image-901 size-full\" src=\"https:\/\/progressosaudeambientalse.com.br\/wp-content\/uploads\/2022\/05\/dedetizacao-moscas-porto-alegre.jpg\" alt=\"\" width=\"640\" height=\"426\" srcset=\"https:\/\/progressosaudeambientalse.com.br\/wp-content\/uploads\/2022\/05\/dedetizacao-moscas-porto-alegre.jpg 640w, https:\/\/progressosaudeambientalse.com.br\/wp-content\/uploads\/2022\/05\/dedetizacao-moscas-porto-alegre-400x266.jpg 400w, https:\/\/progressosaudeambientalse.com.br\/wp-content\/uploads\/2022\/05\/dedetizacao-moscas-porto-alegre-367x244.jpg 367w, https:\/\/progressosaudeambientalse.com.br\/wp-content\/uploads\/2022\/05\/dedetizacao-moscas-porto-alegre-600x399.jpg 600w\" sizes=\"(max-width: 640px) 100vw, 640px\" \/><\/p>\n<p>As armadilhas luminosas de captura de moscas (e outros insetos voadores) foram inventadas e desenhadas exatamente para capturar esses insetos voadores dentro de instala\u00e7\u00f5es, onde s\u00e3o muito eficazes se corretamente empregadas.<\/p>\n<p><img loading=\"lazy\" decoding=\"async\" class=\"alignnone size-full wp-image-899\" src=\"https:\/\/progressosaudeambientalse.com.br\/wp-content\/uploads\/2022\/05\/armadilha-luminosa-primor-03.jpg\" alt=\"\" width=\"1280\" height=\"720\" srcset=\"https:\/\/progressosaudeambientalse.com.br\/wp-content\/uploads\/2022\/05\/armadilha-luminosa-primor-03.jpg 1280w, https:\/\/progressosaudeambientalse.com.br\/wp-content\/uploads\/2022\/05\/armadilha-luminosa-primor-03-1024x576.jpg 1024w, https:\/\/progressosaudeambientalse.com.br\/wp-content\/uploads\/2022\/05\/armadilha-luminosa-primor-03-768x432.jpg 768w, https:\/\/progressosaudeambientalse.com.br\/wp-content\/uploads\/2022\/05\/armadilha-luminosa-primor-03-640x360.jpg 640w, https:\/\/progressosaudeambientalse.com.br\/wp-content\/uploads\/2022\/05\/armadilha-luminosa-primor-03-400x225.jpg 400w, https:\/\/progressosaudeambientalse.com.br\/wp-content\/uploads\/2022\/05\/armadilha-luminosa-primor-03-367x206.jpg 367w, https:\/\/progressosaudeambientalse.com.br\/wp-content\/uploads\/2022\/05\/armadilha-luminosa-primor-03-600x338.jpg 600w\" sizes=\"(max-width: 1280px) 100vw, 1280px\" \/>[\/vc_column_text][\/vc_column][vc_column el_class=&#8221;card-section order-lg-1&#8243; offset=&#8221;vc_col-lg-4 vc_col-md-4&#8243;]<div class=\"porto-ultimate-content-box-container card py-5 mb-4\"><style>#porto_ucb_8984{will-change: box-shadow;box-shadow: none;}<\/style><div class=\"porto-ultimate-content-box vc_custom_1608701011494\" style=\"\" id=\"porto_ucb_8984\">[vc_wp_custommenu title=&#8221;Todos os servi\u00e7os&#8221; nav_menu=&#8221;42&#8243; el_class=&#8221;mb-0&#8243;]<\/div><\/div>[vc_btn title=&#8221;FA\u00c7A UM OR\u00c7AMENTO&#8221; color=&#8221;success&#8221; link=&#8221;url:https%3A%2F%2Fwa.me%2F5579988478080&#8243;][\/vc_column][\/vc_row]<\/p>\n","protected":false},"excerpt":{"rendered":"<p>[vc_row wrap_container=&#8221;yes&#8221; el_class=&#8221;my-lg-4&#8243; css=&#8221;.vc_custom_1608764482259{padding-top: 50px !important;padding-bottom: 48px !important;}&#8221;][vc_column el_class=&#8221;order-lg-2&#8243; offset=&#8221;vc_col-lg-8 vc_col-md-8&#8243;][vc_column_text css=&#8221;.vc_custom_1655401556934{margin-bottom: 20px !important;}&#8221;] O controle qu\u00edmico e biol\u00f3gico de mosca consiste em utilizar pat\u00f3genos que matem e afastem moscas dos tipos: moscas varejeira, berneira, est\u00e1bulo, p\u00f3lvora, borrachudo, dos-Chifres; entre outras. As armadilhas luminosas de captura de moscas (e outros insetos voadores) foram inventadas e [&hellip;]<\/p>\n","protected":false},"author":1,"featured_media":0,"parent":552,"menu_order":0,"comment_status":"closed","ping_status":"closed","template":"","meta":{"om_disable_all_campaigns":false,"_monsterinsights_skip_tracking":false,"_monsterinsights_sitenote_active":false,"_monsterinsights_sitenote_note":"","_monsterinsights_sitenote_category":0,"footnotes":""},"class_list":["post-673","page","type-page","status-publish","hentry"],"aioseo_notices":[],"_links":{"self":[{"href":"https:\/\/progressosaudeambientalse.com.br\/index.php?rest_route=\/wp\/v2\/pages\/673"}],"collection":[{"href":"https:\/\/progressosaudeambientalse.com.br\/index.php?rest_route=\/wp\/v2\/pages"}],"about":[{"href":"https:\/\/progressosaudeambientalse.com.br\/index.php?rest_route=\/wp\/v2\/types\/page"}],"author":[{"embeddable":true,"href":"https:\/\/progressosaudeambientalse.com.br\/index.php?rest_route=\/wp\/v2\/users\/1"}],"replies":[{"embeddable":true,"href":"https:\/\/progressosaudeambientalse.com.br\/index.php?rest_route=%2Fwp%2Fv2%2Fcomments&post=673"}],"version-history":[{"count":10,"href":"https:\/\/progressosaudeambientalse.com.br\/index.php?rest_route=\/wp\/v2\/pages\/673\/revisions"}],"predecessor-version":[{"id":1217,"href":"https:\/\/progressosaudeambientalse.com.br\/index.php?rest_route=\/wp\/v2\/pages\/673\/revisions\/1217"}],"up":[{"embeddable":true,"href":"https:\/\/progressosaudeambientalse.com.br\/index.php?rest_route=\/wp\/v2\/pages\/552"}],"wp:attachment":[{"href":"https:\/\/progressosaudeambientalse.com.br\/index.php?rest_route=%2Fwp%2Fv2%2Fmedia&parent=673"}],"curies":[{"name":"wp","href":"https:\/\/api.w.org\/{rel}","templated":true}]}}