{"id":667,"date":"2020-12-22T10:58:01","date_gmt":"2020-12-22T13:58:01","guid":{"rendered":"http:\/\/sw-themes.com\/porto_dummy\/cleaning-services\/?page_id=667"},"modified":"2025-07-21T12:32:29","modified_gmt":"2025-07-21T15:32:29","slug":"desratizacao","status":"publish","type":"page","link":"https:\/\/progressosaudeambientalse.com.br\/?page_id=667","title":{"rendered":"Desratiza\u00e7\u00e3o"},"content":{"rendered":"<p>[vc_row wrap_container=&#8221;yes&#8221; el_class=&#8221;my-lg-4&#8243; css=&#8221;.vc_custom_1608764450533{padding-top: 50px !important;padding-bottom: 48px !important;}&#8221;][vc_column el_class=&#8221;order-lg-2&#8243; offset=&#8221;vc_col-lg-8 vc_col-md-8&#8243;][vc_column_text css=&#8221;.vc_custom_1651891886254{margin-bottom: 20px !important;}&#8221;]<\/p>\n<div class=\"et_pb_row et_pb_row_2\">\n<div class=\"et_pb_column et_pb_column_2_3 et_pb_column_5 et_pb_css_mix_blend_mode_passthrough et-last-child\">\n<div class=\"et_pb_module et_pb_text et_pb_text_2 et_pb_text_align_left et_pb_bg_layout_light\">\n<div class=\"et_pb_text_inner\">\n<h2><strong>A desratiza\u00e7\u00e3o \u00e9 o servi\u00e7o espec\u00edfico para se livrar dos ratos<\/strong><\/h2>\n<p>Os ratos s\u00e3o animais que causam preju\u00edzos e s\u00e3o vetores de doen\u00e7as como Leptospirose e Hantavirose. Seres nada agrad\u00e1veis que podem habitar a sua empresa. Por onde passam os ratos deixam destrui\u00e7\u00e3o.<\/p>\n<p><strong>Os danos causados por estes animais s\u00e3o:<\/strong>\u00a0contamina\u00e7\u00e3o pela urina e excrementos, roeduras em cabos e fios el\u00e9tricos, roedura em materiais e estruturas, prolifera\u00e7\u00e3o de doen\u00e7as no ambiente de trabalho.<\/p>\n<\/div>\n<\/div>\n<\/div>\n<\/div>\n<div class=\"et_pb_row et_pb_row_3\">\n<div class=\"et_pb_column et_pb_column_4_4 et_pb_column_6 et_pb_css_mix_blend_mode_passthrough et-last-child\">\n<div class=\"et_pb_module et_pb_text et_pb_text_3 et_pb_text_align_left et_pb_bg_layout_light\">\n<div class=\"et_pb_text_inner\">\n<h3><strong>A desratiza\u00e7\u00e3o \u00e9 o servi\u00e7o que vai controlar os ratos atrav\u00e9s de m\u00e9todos corretivos e preventivos.<\/strong><\/h3>\n<p>\u00c9 necess\u00e1ria uma an\u00e1lise ampla para identificar qual \u00e9 a origem da infesta\u00e7\u00e3o, onde se encontra o ninho, locais que oferecem abrigo, acesso, alimento e \u00e1gua para que os animais possam sobreviver e se desenvolver.<\/p>\n<p><img loading=\"lazy\" decoding=\"async\" class=\"alignnone size-full wp-image-1000\" src=\"https:\/\/progressosaudeambientalse.com.br\/wp-content\/uploads\/2022\/05\/desratizacao-2.jpg\" alt=\"\" width=\"694\" height=\"694\" srcset=\"https:\/\/progressosaudeambientalse.com.br\/wp-content\/uploads\/2022\/05\/desratizacao-2.jpg 694w, https:\/\/progressosaudeambientalse.com.br\/wp-content\/uploads\/2022\/05\/desratizacao-2-640x640.jpg 640w, https:\/\/progressosaudeambientalse.com.br\/wp-content\/uploads\/2022\/05\/desratizacao-2-400x400.jpg 400w, https:\/\/progressosaudeambientalse.com.br\/wp-content\/uploads\/2022\/05\/desratizacao-2-560x560.jpg 560w, https:\/\/progressosaudeambientalse.com.br\/wp-content\/uploads\/2022\/05\/desratizacao-2-367x367.jpg 367w, https:\/\/progressosaudeambientalse.com.br\/wp-content\/uploads\/2022\/05\/desratizacao-2-600x600.jpg 600w\" sizes=\"(max-width: 694px) 100vw, 694px\" \/><\/p>\n<\/div>\n<\/div>\n<\/div>\n<\/div>\n<p>[\/vc_column_text][\/vc_column][vc_column el_class=&#8221;card-section order-lg-1&#8243; offset=&#8221;vc_col-lg-4 vc_col-md-4&#8243;]<div class=\"porto-ultimate-content-box-container card py-5 mb-4\"><style>#porto_ucb_7376{will-change: box-shadow;box-shadow: none;}<\/style><div class=\"porto-ultimate-content-box vc_custom_1608701011494\" style=\"\" id=\"porto_ucb_7376\">[vc_wp_custommenu title=&#8221;Todos os servi\u00e7os&#8221; nav_menu=&#8221;42&#8243; el_class=&#8221;mb-0&#8243;][vc_btn title=&#8221;FA\u00c7A UM OR\u00c7AMENTO&#8221; color=&#8221;success&#8221; link=&#8221;url:https%3A%2F%2Fwa.me%2F5579988478080&#8243;]<\/div><\/div>[\/vc_column][\/vc_row]<\/p>\n","protected":false},"excerpt":{"rendered":"<p>[vc_row wrap_container=&#8221;yes&#8221; el_class=&#8221;my-lg-4&#8243; css=&#8221;.vc_custom_1608764450533{padding-top: 50px !important;padding-bottom: 48px !important;}&#8221;][vc_column el_class=&#8221;order-lg-2&#8243; offset=&#8221;vc_col-lg-8 vc_col-md-8&#8243;][vc_column_text css=&#8221;.vc_custom_1651891886254{margin-bottom: 20px !important;}&#8221;] A desratiza\u00e7\u00e3o \u00e9 o servi\u00e7o espec\u00edfico para se livrar dos ratos Os ratos s\u00e3o animais que causam preju\u00edzos e s\u00e3o vetores de doen\u00e7as como Leptospirose e Hantavirose. Seres nada agrad\u00e1veis que podem habitar a sua empresa. Por onde passam os ratos [&hellip;]<\/p>\n","protected":false},"author":1,"featured_media":0,"parent":552,"menu_order":0,"comment_status":"closed","ping_status":"closed","template":"","meta":{"om_disable_all_campaigns":false,"_monsterinsights_skip_tracking":false,"_monsterinsights_sitenote_active":false,"_monsterinsights_sitenote_note":"","_monsterinsights_sitenote_category":0,"footnotes":""},"class_list":["post-667","page","type-page","status-publish","hentry"],"aioseo_notices":[],"_links":{"self":[{"href":"https:\/\/progressosaudeambientalse.com.br\/index.php?rest_route=\/wp\/v2\/pages\/667"}],"collection":[{"href":"https:\/\/progressosaudeambientalse.com.br\/index.php?rest_route=\/wp\/v2\/pages"}],"about":[{"href":"https:\/\/progressosaudeambientalse.com.br\/index.php?rest_route=\/wp\/v2\/types\/page"}],"author":[{"embeddable":true,"href":"https:\/\/progressosaudeambientalse.com.br\/index.php?rest_route=\/wp\/v2\/users\/1"}],"replies":[{"embeddable":true,"href":"https:\/\/progressosaudeambientalse.com.br\/index.php?rest_route=%2Fwp%2Fv2%2Fcomments&post=667"}],"version-history":[{"count":8,"href":"https:\/\/progressosaudeambientalse.com.br\/index.php?rest_route=\/wp\/v2\/pages\/667\/revisions"}],"predecessor-version":[{"id":1213,"href":"https:\/\/progressosaudeambientalse.com.br\/index.php?rest_route=\/wp\/v2\/pages\/667\/revisions\/1213"}],"up":[{"embeddable":true,"href":"https:\/\/progressosaudeambientalse.com.br\/index.php?rest_route=\/wp\/v2\/pages\/552"}],"wp:attachment":[{"href":"https:\/\/progressosaudeambientalse.com.br\/index.php?rest_route=%2Fwp%2Fv2%2Fmedia&parent=667"}],"curies":[{"name":"wp","href":"https:\/\/api.w.org\/{rel}","templated":true}]}}