{"id":665,"date":"2020-12-22T10:57:47","date_gmt":"2020-12-22T13:57:47","guid":{"rendered":"http:\/\/sw-themes.com\/porto_dummy\/cleaning-services\/?page_id=665"},"modified":"2025-07-21T12:34:55","modified_gmt":"2025-07-21T15:34:55","slug":"termonebulizacao","status":"publish","type":"page","link":"https:\/\/progressosaudeambientalse.com.br\/?page_id=665","title":{"rendered":"Termonebuliza\u00e7\u00e3o"},"content":{"rendered":"<p>[vc_row wrap_container=&#8221;yes&#8221; el_class=&#8221;my-lg-4&#8243; css=&#8221;.vc_custom_1608764466035{padding-top: 50px !important;padding-bottom: 48px !important;}&#8221;][vc_column el_class=&#8221;order-lg-2&#8243; offset=&#8221;vc_col-lg-8 vc_col-md-8&#8243;][vc_column_text css=&#8221;.vc_custom_1651432266899{margin-bottom: 20px !important;}&#8221;]A termonebuliza\u00e7\u00e3o \u00e9 usar produtos de dedetiza\u00e7\u00e3o, como por exemplo, o inseticida, em forma de neblina. Dessa forma, o termonebulizador descarrega no ar do ambiente got\u00edculas pequenas que ficar\u00e3o suspensas no ar por um tempo maior.<\/p>\n<p>Dessa forma, as got\u00edculas poder\u00e3o alcan\u00e7ar o ambiente por completo ou boa parte dele, especialmente locais onde n\u00e3o conseguimos alcan\u00e7ar quando usamos outros produtos.<\/p>\n<p>Assim, quando usamos o termonebulizador, v\u00e1rios insetos s\u00e3o atingidos e, n\u00e3o somente em sua forma adulta, mas tamb\u00e9m seus ovos e comunidades. Com isso, o exterm\u00ednio de pragas ocorre com efic\u00e1cia e de forma mais r\u00e1pida.[\/vc_column_text][vc_single_image image=&#8221;1002&#8243; img_size=&#8221;full&#8221;][\/vc_column][vc_column el_class=&#8221;card-section order-lg-1&#8243; offset=&#8221;vc_col-lg-4 vc_col-md-4&#8243;]<div class=\"porto-ultimate-content-box-container card py-5 mb-4\"><style>#porto_ucb_5486{will-change: box-shadow;box-shadow: none;}<\/style><div class=\"porto-ultimate-content-box vc_custom_1608701011494\" style=\"\" id=\"porto_ucb_5486\">[vc_wp_custommenu title=&#8221;Todos os servi\u00e7os&#8221; nav_menu=&#8221;42&#8243; el_class=&#8221;mb-0&#8243;]<\/div><\/div>[vc_btn title=&#8221;FA\u00c7A UM OR\u00c7AMENTO&#8221; color=&#8221;success&#8221; link=&#8221;url:https%3A%2F%2Fwa.me%2F5579988478080&#8243;][\/vc_column][\/vc_row]<\/p>\n","protected":false},"excerpt":{"rendered":"<p>[vc_row wrap_container=&#8221;yes&#8221; el_class=&#8221;my-lg-4&#8243; css=&#8221;.vc_custom_1608764466035{padding-top: 50px !important;padding-bottom: 48px !important;}&#8221;][vc_column el_class=&#8221;order-lg-2&#8243; offset=&#8221;vc_col-lg-8 vc_col-md-8&#8243;][vc_column_text css=&#8221;.vc_custom_1651432266899{margin-bottom: 20px !important;}&#8221;]A termonebuliza\u00e7\u00e3o \u00e9 usar produtos de dedetiza\u00e7\u00e3o, como por exemplo, o inseticida, em forma de neblina. Dessa forma, o termonebulizador descarrega no ar do ambiente got\u00edculas pequenas que ficar\u00e3o suspensas no ar por um tempo maior. Dessa forma, as got\u00edculas poder\u00e3o alcan\u00e7ar [&hellip;]<\/p>\n","protected":false},"author":1,"featured_media":0,"parent":552,"menu_order":0,"comment_status":"closed","ping_status":"closed","template":"","meta":{"om_disable_all_campaigns":false,"_monsterinsights_skip_tracking":false,"_monsterinsights_sitenote_active":false,"_monsterinsights_sitenote_note":"","_monsterinsights_sitenote_category":0,"footnotes":""},"class_list":["post-665","page","type-page","status-publish","hentry"],"aioseo_notices":[],"_links":{"self":[{"href":"https:\/\/progressosaudeambientalse.com.br\/index.php?rest_route=\/wp\/v2\/pages\/665"}],"collection":[{"href":"https:\/\/progressosaudeambientalse.com.br\/index.php?rest_route=\/wp\/v2\/pages"}],"about":[{"href":"https:\/\/progressosaudeambientalse.com.br\/index.php?rest_route=\/wp\/v2\/types\/page"}],"author":[{"embeddable":true,"href":"https:\/\/progressosaudeambientalse.com.br\/index.php?rest_route=\/wp\/v2\/users\/1"}],"replies":[{"embeddable":true,"href":"https:\/\/progressosaudeambientalse.com.br\/index.php?rest_route=%2Fwp%2Fv2%2Fcomments&post=665"}],"version-history":[{"count":9,"href":"https:\/\/progressosaudeambientalse.com.br\/index.php?rest_route=\/wp\/v2\/pages\/665\/revisions"}],"predecessor-version":[{"id":1218,"href":"https:\/\/progressosaudeambientalse.com.br\/index.php?rest_route=\/wp\/v2\/pages\/665\/revisions\/1218"}],"up":[{"embeddable":true,"href":"https:\/\/progressosaudeambientalse.com.br\/index.php?rest_route=\/wp\/v2\/pages\/552"}],"wp:attachment":[{"href":"https:\/\/progressosaudeambientalse.com.br\/index.php?rest_route=%2Fwp%2Fv2%2Fmedia&parent=665"}],"curies":[{"name":"wp","href":"https:\/\/api.w.org\/{rel}","templated":true}]}}