{"id":643,"date":"2020-12-22T09:59:27","date_gmt":"2020-12-22T12:59:27","guid":{"rendered":"http:\/\/sw-themes.com\/porto_dummy\/cleaning-services\/?page_id=643"},"modified":"2025-07-21T12:32:44","modified_gmt":"2025-07-21T15:32:44","slug":"limpeza-reservatorio","status":"publish","type":"page","link":"https:\/\/progressosaudeambientalse.com.br\/?page_id=643","title":{"rendered":"Limpeza e Desinfec\u00e7\u00e3o de Reservat\u00f3rios de \u00c1gua"},"content":{"rendered":"<p>[vc_row wrap_container=&#8221;yes&#8221; el_class=&#8221;my-lg-4&#8243; css=&#8221;.vc_custom_1608764403334{padding-top: 50px !important;padding-bottom: 48px !important;}&#8221;][vc_column el_class=&#8221;order-lg-2&#8243; offset=&#8221;vc_col-lg-8 vc_col-md-8&#8243;][vc_column_text css=&#8221;.vc_custom_1652102374203{margin-bottom: 20px !important;}&#8221;]<\/p>\n<p class=\"elementor-heading-title elementor-size-small\"><strong>Limpeza dos reservat\u00f3rios de \u00e1gua \u00e9 importante para a sa\u00fade<\/strong><br \/>\nCaixa d\u2019\u00e1gua, bebedouros e outros reservat\u00f3rios de \u00e1gua mineral s\u00e3o objetos que requerem aten\u00e7\u00e3o especial por 2 principais motivos: evitar infec\u00e7\u00f5es para quem utiliza a \u00e1gua e tamb\u00e9m reduzir as chances do recipiente virar criadouro de insetos.<br \/>\nA limpeza recomendada \u00e9 de 6 em 6 meses e em alguns segmentos \u00e9 obrigat\u00f3rio. \u00c9 importante manter tamb\u00e9m o local bem vedado. Saiba que mosquitos de doen\u00e7as como a dengue procuram estes reservat\u00f3rios para depositar seus ovos, bem pertinho da \u00e1gua. \u00c9 importante n\u00e3o dar espa\u00e7o para o mosquito ter um criadouro e prolifere a sua esp\u00e9cie. A falta de limpeza de caixa d\u2019\u00e1gua e bebedouros tamb\u00e9m pode ser a origem de doen\u00e7as gastrointestinais, j\u00e1 que micro-organismos podem se reproduzir com as condi\u00e7\u00f5es de sujidade encontradas no local.<\/p>\n<div><img loading=\"lazy\" decoding=\"async\" class=\"alignnone size-full wp-image-995\" src=\"https:\/\/progressosaudeambientalse.com.br\/wp-content\/uploads\/2022\/05\/caixa.jpg\" alt=\"\" width=\"694\" height=\"694\" srcset=\"https:\/\/progressosaudeambientalse.com.br\/wp-content\/uploads\/2022\/05\/caixa.jpg 694w, https:\/\/progressosaudeambientalse.com.br\/wp-content\/uploads\/2022\/05\/caixa-640x640.jpg 640w, https:\/\/progressosaudeambientalse.com.br\/wp-content\/uploads\/2022\/05\/caixa-400x400.jpg 400w, https:\/\/progressosaudeambientalse.com.br\/wp-content\/uploads\/2022\/05\/caixa-560x560.jpg 560w, https:\/\/progressosaudeambientalse.com.br\/wp-content\/uploads\/2022\/05\/caixa-367x367.jpg 367w, https:\/\/progressosaudeambientalse.com.br\/wp-content\/uploads\/2022\/05\/caixa-600x600.jpg 600w\" sizes=\"(max-width: 694px) 100vw, 694px\" \/><\/div>\n<p>[\/vc_column_text][\/vc_column][vc_column el_class=&#8221;card-section order-lg-1&#8243; offset=&#8221;vc_col-lg-4 vc_col-md-4&#8243;]<div class=\"porto-ultimate-content-box-container card py-5 mb-4\"><style>#porto_ucb_7111{will-change: box-shadow;box-shadow: none;}<\/style><div class=\"porto-ultimate-content-box vc_custom_1608701011494\" style=\"\" id=\"porto_ucb_7111\">[vc_wp_custommenu title=&#8221;Todos os servi\u00e7os&#8221; nav_menu=&#8221;42&#8243; el_class=&#8221;mb-0&#8243;]<\/div><\/div>[vc_btn title=&#8221;FA\u00c7A UM OR\u00c7AMENTO&#8221; color=&#8221;success&#8221; link=&#8221;url:https%3A%2F%2Fwa.me%2F5579988478080&#8243;][\/vc_column][\/vc_row]<\/p>\n","protected":false},"excerpt":{"rendered":"<p>[vc_row wrap_container=&#8221;yes&#8221; el_class=&#8221;my-lg-4&#8243; css=&#8221;.vc_custom_1608764403334{padding-top: 50px !important;padding-bottom: 48px !important;}&#8221;][vc_column el_class=&#8221;order-lg-2&#8243; offset=&#8221;vc_col-lg-8 vc_col-md-8&#8243;][vc_column_text css=&#8221;.vc_custom_1652102374203{margin-bottom: 20px !important;}&#8221;] Limpeza dos reservat\u00f3rios de \u00e1gua \u00e9 importante para a sa\u00fade Caixa d\u2019\u00e1gua, bebedouros e outros reservat\u00f3rios de \u00e1gua mineral s\u00e3o objetos que requerem aten\u00e7\u00e3o especial por 2 principais motivos: evitar infec\u00e7\u00f5es para quem utiliza a \u00e1gua e tamb\u00e9m reduzir as chances [&hellip;]<\/p>\n","protected":false},"author":1,"featured_media":0,"parent":552,"menu_order":0,"comment_status":"closed","ping_status":"closed","template":"","meta":{"om_disable_all_campaigns":false,"_monsterinsights_skip_tracking":false,"_monsterinsights_sitenote_active":false,"_monsterinsights_sitenote_note":"","_monsterinsights_sitenote_category":0,"footnotes":""},"class_list":["post-643","page","type-page","status-publish","hentry"],"aioseo_notices":[],"_links":{"self":[{"href":"https:\/\/progressosaudeambientalse.com.br\/index.php?rest_route=\/wp\/v2\/pages\/643"}],"collection":[{"href":"https:\/\/progressosaudeambientalse.com.br\/index.php?rest_route=\/wp\/v2\/pages"}],"about":[{"href":"https:\/\/progressosaudeambientalse.com.br\/index.php?rest_route=\/wp\/v2\/types\/page"}],"author":[{"embeddable":true,"href":"https:\/\/progressosaudeambientalse.com.br\/index.php?rest_route=\/wp\/v2\/users\/1"}],"replies":[{"embeddable":true,"href":"https:\/\/progressosaudeambientalse.com.br\/index.php?rest_route=%2Fwp%2Fv2%2Fcomments&post=643"}],"version-history":[{"count":10,"href":"https:\/\/progressosaudeambientalse.com.br\/index.php?rest_route=\/wp\/v2\/pages\/643\/revisions"}],"predecessor-version":[{"id":1214,"href":"https:\/\/progressosaudeambientalse.com.br\/index.php?rest_route=\/wp\/v2\/pages\/643\/revisions\/1214"}],"up":[{"embeddable":true,"href":"https:\/\/progressosaudeambientalse.com.br\/index.php?rest_route=\/wp\/v2\/pages\/552"}],"wp:attachment":[{"href":"https:\/\/progressosaudeambientalse.com.br\/index.php?rest_route=%2Fwp%2Fv2%2Fmedia&parent=643"}],"curies":[{"name":"wp","href":"https:\/\/api.w.org\/{rel}","templated":true}]}}