{"id":1055,"date":"2022-06-16T14:38:00","date_gmt":"2022-06-16T17:38:00","guid":{"rendered":"http:\/\/progressosaudeambientalse.com.br\/?page_id=1055"},"modified":"2025-07-21T12:32:58","modified_gmt":"2025-07-21T15:32:58","slug":"remocao-de-abelhas","status":"publish","type":"page","link":"https:\/\/progressosaudeambientalse.com.br\/?page_id=1055","title":{"rendered":"Remo\u00e7\u00e3o de abelhas"},"content":{"rendered":"<p>[vc_row wrap_container=&#8221;yes&#8221; el_class=&#8221;my-lg-4&#8243; css=&#8221;.vc_custom_1608764442083{padding-top: 50px !important;padding-bottom: 48px !important;}&#8221;][vc_column el_class=&#8221;order-lg-2&#8243; offset=&#8221;vc_col-lg-8 vc_col-md-8&#8243;][vc_column_text css=&#8221;.vc_custom_1655401064904{margin-bottom: 20px !important;}&#8221;]Abelhas e marimbondos possuem papel importante na natureza, como por exemplo: na contribui\u00e7\u00e3o da poliniza\u00e7\u00e3o de v\u00e1rias esp\u00e9cies de plantas e no controle de pragas agr\u00edcolas. Contudo, a presen\u00e7a desses insetos em resid\u00eancias e pr\u00f3ximo a humanos podem representar riscos \u00e0 sa\u00fade. Porque as abelhas e vespas podem ferroar pessoas ou animais quando molestadas ou para defender o seu abrigo si se sentirem amea\u00e7adas, o que pode levar um indiv\u00edduo a morte, se tiver alergia a ferroada destes insetos e\/ou receber muitas ferroadas.<br \/>\nAfim de evitar tais situa\u00e7\u00f5es, voc\u00ea deve chamar a Progresso, uma empresa especializada, que lhe dar\u00e1 qualidade e seguran\u00e7a com a retirada dos insetos.<\/p>\n<p><img loading=\"lazy\" decoding=\"async\" class=\"alignnone size-full wp-image-1056\" src=\"https:\/\/progressosaudeambientalse.com.br\/wp-content\/uploads\/2022\/06\/WhatsApp-Image-2022-06-14-at-16.45.15.jpeg\" alt=\"\" width=\"1200\" height=\"1600\" srcset=\"https:\/\/progressosaudeambientalse.com.br\/wp-content\/uploads\/2022\/06\/WhatsApp-Image-2022-06-14-at-16.45.15.jpeg 1200w, https:\/\/progressosaudeambientalse.com.br\/wp-content\/uploads\/2022\/06\/WhatsApp-Image-2022-06-14-at-16.45.15-768x1024.jpeg 768w, https:\/\/progressosaudeambientalse.com.br\/wp-content\/uploads\/2022\/06\/WhatsApp-Image-2022-06-14-at-16.45.15-1152x1536.jpeg 1152w, https:\/\/progressosaudeambientalse.com.br\/wp-content\/uploads\/2022\/06\/WhatsApp-Image-2022-06-14-at-16.45.15-640x853.jpeg 640w, https:\/\/progressosaudeambientalse.com.br\/wp-content\/uploads\/2022\/06\/WhatsApp-Image-2022-06-14-at-16.45.15-400x533.jpeg 400w, https:\/\/progressosaudeambientalse.com.br\/wp-content\/uploads\/2022\/06\/WhatsApp-Image-2022-06-14-at-16.45.15-367x489.jpeg 367w, https:\/\/progressosaudeambientalse.com.br\/wp-content\/uploads\/2022\/06\/WhatsApp-Image-2022-06-14-at-16.45.15-600x800.jpeg 600w\" sizes=\"(max-width: 1200px) 100vw, 1200px\" \/>[\/vc_column_text][\/vc_column][vc_column el_class=&#8221;card-section order-lg-1&#8243; offset=&#8221;vc_col-lg-4 vc_col-md-4&#8243;]<div class=\"porto-ultimate-content-box-container card py-5 mb-4\"><style>#porto_ucb_6186{will-change: box-shadow;box-shadow: none;}<\/style><div class=\"porto-ultimate-content-box vc_custom_1608701011494\" style=\"\" id=\"porto_ucb_6186\">[vc_wp_custommenu title=&#8221;Todos os servi\u00e7os&#8221; nav_menu=&#8221;42&#8243; el_class=&#8221;mb-0&#8243;]<\/div><\/div>[vc_btn title=&#8221;FA\u00c7A UM OR\u00c7AMENTO&#8221; color=&#8221;success&#8221; link=&#8221;url:https%3A%2F%2Fwa.me%2F5579988478080&#8243;][\/vc_column][\/vc_row]<\/p>\n","protected":false},"excerpt":{"rendered":"<p>[vc_row wrap_container=&#8221;yes&#8221; el_class=&#8221;my-lg-4&#8243; css=&#8221;.vc_custom_1608764442083{padding-top: 50px !important;padding-bottom: 48px !important;}&#8221;][vc_column el_class=&#8221;order-lg-2&#8243; offset=&#8221;vc_col-lg-8 vc_col-md-8&#8243;][vc_column_text css=&#8221;.vc_custom_1655401064904{margin-bottom: 20px !important;}&#8221;]Abelhas e marimbondos possuem papel importante na natureza, como por exemplo: na contribui\u00e7\u00e3o da poliniza\u00e7\u00e3o de v\u00e1rias esp\u00e9cies de plantas e no controle de pragas agr\u00edcolas. Contudo, a presen\u00e7a desses insetos em resid\u00eancias e pr\u00f3ximo a humanos podem representar riscos \u00e0 sa\u00fade. [&hellip;]<\/p>\n","protected":false},"author":1,"featured_media":0,"parent":552,"menu_order":0,"comment_status":"closed","ping_status":"closed","template":"","meta":{"om_disable_all_campaigns":false,"_monsterinsights_skip_tracking":false,"_monsterinsights_sitenote_active":false,"_monsterinsights_sitenote_note":"","_monsterinsights_sitenote_category":0,"footnotes":""},"class_list":["post-1055","page","type-page","status-publish","hentry"],"aioseo_notices":[],"_links":{"self":[{"href":"https:\/\/progressosaudeambientalse.com.br\/index.php?rest_route=\/wp\/v2\/pages\/1055"}],"collection":[{"href":"https:\/\/progressosaudeambientalse.com.br\/index.php?rest_route=\/wp\/v2\/pages"}],"about":[{"href":"https:\/\/progressosaudeambientalse.com.br\/index.php?rest_route=\/wp\/v2\/types\/page"}],"author":[{"embeddable":true,"href":"https:\/\/progressosaudeambientalse.com.br\/index.php?rest_route=\/wp\/v2\/users\/1"}],"replies":[{"embeddable":true,"href":"https:\/\/progressosaudeambientalse.com.br\/index.php?rest_route=%2Fwp%2Fv2%2Fcomments&post=1055"}],"version-history":[{"count":3,"href":"https:\/\/progressosaudeambientalse.com.br\/index.php?rest_route=\/wp\/v2\/pages\/1055\/revisions"}],"predecessor-version":[{"id":1215,"href":"https:\/\/progressosaudeambientalse.com.br\/index.php?rest_route=\/wp\/v2\/pages\/1055\/revisions\/1215"}],"up":[{"embeddable":true,"href":"https:\/\/progressosaudeambientalse.com.br\/index.php?rest_route=\/wp\/v2\/pages\/552"}],"wp:attachment":[{"href":"https:\/\/progressosaudeambientalse.com.br\/index.php?rest_route=%2Fwp%2Fv2%2Fmedia&parent=1055"}],"curies":[{"name":"wp","href":"https:\/\/api.w.org\/{rel}","templated":true}]}}